{"id":1033,"date":"2020-11-15T20:31:44","date_gmt":"2020-11-15T19:31:44","guid":{"rendered":"http:\/\/www.elsa.dk\/aalborg\/?page_id=1033"},"modified":"2022-08-15T14:59:01","modified_gmt":"2022-08-15T13:59:01","slug":"generalforsamling-2","status":"publish","type":"page","link":"https:\/\/www.elsa.dk\/aalborg\/generalforsamling-2\/","title":{"rendered":"Generalforsamling"},"content":{"rendered":"\t\t<div data-elementor-type=\"wp-page\" data-elementor-id=\"1033\" class=\"elementor elementor-1033\">\n\t\t\t\t\t\t<section class=\"elementor-section elementor-top-section elementor-element elementor-element-c7ae5ad elementor-section-boxed elementor-section-height-default elementor-section-height-default\" data-id=\"c7ae5ad\" data-element_type=\"section\" data-e-type=\"section\">\n\t\t\t\t\t\t<div class=\"elementor-container elementor-column-gap-default\">\n\t\t\t\t\t<div class=\"elementor-column elementor-col-100 elementor-top-column elementor-element elementor-element-1e86c96\" data-id=\"1e86c96\" data-element_type=\"column\" data-e-type=\"column\">\n\t\t\t<div class=\"elementor-widget-wrap elementor-element-populated\">\n\t\t\t\t\t\t<div class=\"elementor-element elementor-element-65ec224 elementor-widget elementor-widget-heading\" data-id=\"65ec224\" data-element_type=\"widget\" data-e-type=\"widget\" data-widget_type=\"heading.default\">\n\t\t\t\t<div class=\"elementor-widget-container\">\n\t\t\t\t\t<h2 class=\"elementor-heading-title elementor-size-default\">Generalforsamling<\/h2>\t\t\t\t<\/div>\n\t\t\t\t<\/div>\n\t\t\t\t\t<\/div>\n\t\t<\/div>\n\t\t\t\t\t<\/div>\n\t\t<\/section>\n\t\t\t\t<section class=\"elementor-section elementor-top-section elementor-element elementor-element-2fcc0a8 elementor-section-boxed elementor-section-height-default elementor-section-height-default\" data-id=\"2fcc0a8\" data-element_type=\"section\" data-e-type=\"section\">\n\t\t\t\t\t\t<div class=\"elementor-container elementor-column-gap-default\">\n\t\t\t\t\t<div class=\"elementor-column elementor-col-100 elementor-top-column elementor-element elementor-element-b6f08b2\" data-id=\"b6f08b2\" data-element_type=\"column\" data-e-type=\"column\">\n\t\t\t<div class=\"elementor-widget-wrap elementor-element-populated\">\n\t\t\t\t\t\t<div class=\"elementor-element elementor-element-449965e elementor-widget elementor-widget-text-editor\" data-id=\"449965e\" data-element_type=\"widget\" data-e-type=\"widget\" data-widget_type=\"text-editor.default\">\n\t\t\t\t<div class=\"elementor-widget-container\">\n\t\t\t\t\t\t\t\t\t<p><strong>ELSA Aalborg &#8211; Generalforsamling 2022<\/strong><\/p><p><span style=\"color: var( --e-global-color-text ); font-family: var( --e-global-typography-text-font-family ), Sans-serif;\">Den 25. april 2022 afholdte ELSA Aalborg den \u00e5rlige generalforsamling. Her blev den nye bestyrelse valgt, samt vedtaget \u00e6ndringer til vedt\u00e6gterne.<\/span><\/p><ul><li><a href=\"http:\/\/www.elsa.dk\/aalborg\/wp-content\/uploads\/2022\/08\/Referat-Generalforsamling-2022.pdf\">Referat-GF-2022<\/a><\/li><\/ul>\t\t\t\t\t\t\t\t<\/div>\n\t\t\t\t<\/div>\n\t\t\t\t\t<\/div>\n\t\t<\/div>\n\t\t\t\t\t<\/div>\n\t\t<\/section>\n\t\t\t\t<section class=\"elementor-section elementor-top-section elementor-element elementor-element-64ebacc elementor-section-boxed elementor-section-height-default elementor-section-height-default\" data-id=\"64ebacc\" data-element_type=\"section\" data-e-type=\"section\">\n\t\t\t\t\t\t<div class=\"elementor-container elementor-column-gap-default\">\n\t\t\t\t\t<div class=\"elementor-column elementor-col-100 elementor-top-column elementor-element elementor-element-baec697\" data-id=\"baec697\" data-element_type=\"column\" data-e-type=\"column\">\n\t\t\t<div class=\"elementor-widget-wrap elementor-element-populated\">\n\t\t\t\t\t\t<div class=\"elementor-element elementor-element-ff85b68 elementor-widget elementor-widget-text-editor\" data-id=\"ff85b68\" data-element_type=\"widget\" data-e-type=\"widget\" data-widget_type=\"text-editor.default\">\n\t\t\t\t<div class=\"elementor-widget-container\">\n\t\t\t\t\t\t\t\t\t<p><strong>ELSA Aalborg &#8211; Generalforsamling 2021<\/strong><\/p><p>Den 29. april 2021 afholdte ELSA Aalborg den \u00e5rlige generalforsamling. Her blev den nye bestyrelse valgt, samt vedtaget \u00e6ndringer til vedt\u00e6gterne.<\/p><ul><li><a href=\"http:\/\/www.elsa.dk\/aalborg\/wp-content\/uploads\/2021\/08\/Referat-GF-2021.pdf\">Referat-GF-2021<\/a><\/li><\/ul>\t\t\t\t\t\t\t\t<\/div>\n\t\t\t\t<\/div>\n\t\t\t\t\t<\/div>\n\t\t<\/div>\n\t\t\t\t\t<\/div>\n\t\t<\/section>\n\t\t\t\t<section class=\"elementor-section elementor-top-section elementor-element elementor-element-49ed4a1 elementor-section-boxed elementor-section-height-default elementor-section-height-default\" data-id=\"49ed4a1\" data-element_type=\"section\" data-e-type=\"section\">\n\t\t\t\t\t\t<div class=\"elementor-container elementor-column-gap-default\">\n\t\t\t\t\t<div class=\"elementor-column elementor-col-100 elementor-top-column elementor-element elementor-element-29d0e67\" data-id=\"29d0e67\" data-element_type=\"column\" data-e-type=\"column\">\n\t\t\t<div class=\"elementor-widget-wrap elementor-element-populated\">\n\t\t\t\t\t\t<div class=\"elementor-element elementor-element-d5edaa4 elementor-widget elementor-widget-text-editor\" data-id=\"d5edaa4\" data-element_type=\"widget\" data-e-type=\"widget\" data-widget_type=\"text-editor.default\">\n\t\t\t\t<div class=\"elementor-widget-container\">\n\t\t\t\t\t\t\t\t\t<p><strong>ELSA Aalborg &#8211; Generalforsamling 2020<\/strong><\/p><p>Den 29. april 2020 afholdte ELSA Aalborg den \u00e5rlige generalforsamling. Her blev den nye bestyrelse valgt, samt vedtaget \u00e6ndringer til vedt\u00e6gterne.\u00a0<\/p><ul><li><a href=\"http:\/\/www.elsa.dk\/aalborg\/wp-content\/uploads\/2020\/11\/Referat-2020.pdf\">Referat-2020<\/a><\/li><\/ul><p>\u00a0<\/p>\t\t\t\t\t\t\t\t<\/div>\n\t\t\t\t<\/div>\n\t\t\t\t\t<\/div>\n\t\t<\/div>\n\t\t\t\t\t<\/div>\n\t\t<\/section>\n\t\t\t\t<section class=\"elementor-section elementor-top-section elementor-element elementor-element-492adf1 elementor-section-boxed elementor-section-height-default elementor-section-height-default\" data-id=\"492adf1\" data-element_type=\"section\" data-e-type=\"section\">\n\t\t\t\t\t\t<div class=\"elementor-container elementor-column-gap-default\">\n\t\t\t\t\t<div class=\"elementor-column elementor-col-100 elementor-top-column elementor-element elementor-element-f561cff\" data-id=\"f561cff\" data-element_type=\"column\" data-e-type=\"column\">\n\t\t\t<div class=\"elementor-widget-wrap elementor-element-populated\">\n\t\t\t\t\t\t<div class=\"elementor-element elementor-element-3d4fbb5 elementor-widget elementor-widget-text-editor\" data-id=\"3d4fbb5\" data-element_type=\"widget\" data-e-type=\"widget\" data-widget_type=\"text-editor.default\">\n\t\t\t\t<div class=\"elementor-widget-container\">\n\t\t\t\t\t\t\t\t\t<p><strong>ELSA Aalborg &#8211; Generalforsamling 2019<\/strong><\/p><p>Den 1. maj 2019 afholdte ELSA Aalborg den \u00e5rlige generalforsamling. Her blev den nye bestyrelse valgt, samt vedtaget \u00e6ndringerne til vedt\u00e6gterne.<\/p><ul><li><a href=\"http:\/\/www.elsa.dk\/aalborg\/wp-content\/uploads\/2020\/11\/Referat-Generalforsamling-ELSA-Aalborg-2019-.pdf\">Referat Generalforsamling ELSA Aalborg 2019<\/a><\/li><\/ul><p>\u00a0<\/p>\t\t\t\t\t\t\t\t<\/div>\n\t\t\t\t<\/div>\n\t\t\t\t\t<\/div>\n\t\t<\/div>\n\t\t\t\t\t<\/div>\n\t\t<\/section>\n\t\t\t\t<section class=\"elementor-section elementor-top-section elementor-element elementor-element-c32be3c elementor-section-boxed elementor-section-height-default elementor-section-height-default\" data-id=\"c32be3c\" data-element_type=\"section\" data-e-type=\"section\">\n\t\t\t\t\t\t<div class=\"elementor-container elementor-column-gap-default\">\n\t\t\t\t\t<div class=\"elementor-column elementor-col-100 elementor-top-column elementor-element elementor-element-7fd59c7\" data-id=\"7fd59c7\" data-element_type=\"column\" data-e-type=\"column\">\n\t\t\t<div class=\"elementor-widget-wrap elementor-element-populated\">\n\t\t\t\t\t\t<div class=\"elementor-element elementor-element-9d8e526 elementor-widget elementor-widget-text-editor\" data-id=\"9d8e526\" data-element_type=\"widget\" data-e-type=\"widget\" data-widget_type=\"text-editor.default\">\n\t\t\t\t<div class=\"elementor-widget-container\">\n\t\t\t\t\t\t\t\t\t<p><strong>ELSA Aalborg &#8211; Generalforsamling 2018<\/strong><\/p><p>Den 9. maj 2018 afholdte ELSA Aalborg den \u00e5rlige generalforsamling. Her blev der bl.a. valgt en ny bestyrelse, samt vedtaget \u00e6ndringer til vedt\u00e6gterne uden stemmer imod. Den afg\u00e5ende formand, Signe Bilde, afholdte ogs\u00e5 en \u00e5rsberetning over foreningens arbejde i l\u00f8bet af det forgangende bestyrelses\u00e5r. Alt dette fremg\u00e5r af de vedlagte dokumenter, som du selv kan l\u00e6se igennem &#8211; Tak for dette bestyrelses\u00e5r!<\/p><ul><li><a href=\"http:\/\/www.elsa.dk\/aalborg\/wp-content\/uploads\/2016\/08\/Ledelsens-beretning-ELSA-Aalborg-2017-2018.docx\">Ledelsens beretning<\/a><\/li><li><a href=\"http:\/\/www.elsa.dk\/aalborg\/wp-content\/uploads\/2016\/08\/Referat-af-Generalforsamling-ELSA-Aalborg.docx\">Referat<\/a><\/li><li><a href=\"http:\/\/www.elsa.dk\/aalborg\/wp-content\/uploads\/2016\/08\/Vedtaget-vedt\u00e6gts\u00e6ndringer-ved-ELSA-Aalborgs-ordin\u00e6re-generalforsamling-2018.docx\">\u00c6ndring af vedt\u00e6gter<\/a><\/li><li><a href=\"http:\/\/www.elsa.dk\/aalborg\/wp-content\/uploads\/2016\/08\/\u00c5rsregnskab-2017-2018.docx\">\u00c5rsregnskab 2017-2018<\/a><\/li><\/ul>\t\t\t\t\t\t\t\t<\/div>\n\t\t\t\t<\/div>\n\t\t\t\t\t<\/div>\n\t\t<\/div>\n\t\t\t\t\t<\/div>\n\t\t<\/section>\n\t\t\t\t<\/div>\n\t\t","protected":false},"excerpt":{"rendered":"<p>Generalforsamling ELSA Aalborg &#8211; Generalforsamling 2022 Den 25. april 2022 afholdte ELSA Aalborg den \u00e5rlige generalforsamling. Her blev den nye bestyrelse valgt, samt vedtaget \u00e6ndringer til vedt\u00e6gterne. Referat-GF-2022 ELSA Aalborg &#8211; Generalforsamling 2021 Den 29. april 2021 afholdte ELSA Aalborg den \u00e5rlige generalforsamling. Her blev den nye bestyrelse valgt, samt vedtaget \u00e6ndringer til vedt\u00e6gterne. Referat-GF-2021&hellip;&nbsp;<a href=\"https:\/\/www.elsa.dk\/aalborg\/generalforsamling-2\/\" class=\"\" rel=\"bookmark\">L\u00e6s mere &raquo;<span class=\"screen-reader-text\">Generalforsamling<\/span><\/a><\/p>\n","protected":false},"author":3,"featured_media":0,"parent":0,"menu_order":0,"comment_status":"closed","ping_status":"closed","template":"page-templates\/template-pagebuilder-full-width.php","meta":{"footnotes":""},"class_list":["post-1033","page","type-page","status-publish","hentry"],"_links":{"self":[{"href":"https:\/\/www.elsa.dk\/aalborg\/wp-json\/wp\/v2\/pages\/1033","targetHints":{"allow":["GET"]}}],"collection":[{"href":"https:\/\/www.elsa.dk\/aalborg\/wp-json\/wp\/v2\/pages"}],"about":[{"href":"https:\/\/www.elsa.dk\/aalborg\/wp-json\/wp\/v2\/types\/page"}],"author":[{"embeddable":true,"href":"https:\/\/www.elsa.dk\/aalborg\/wp-json\/wp\/v2\/users\/3"}],"replies":[{"embeddable":true,"href":"https:\/\/www.elsa.dk\/aalborg\/wp-json\/wp\/v2\/comments?post=1033"}],"version-history":[{"count":12,"href":"https:\/\/www.elsa.dk\/aalborg\/wp-json\/wp\/v2\/pages\/1033\/revisions"}],"predecessor-version":[{"id":1264,"href":"https:\/\/www.elsa.dk\/aalborg\/wp-json\/wp\/v2\/pages\/1033\/revisions\/1264"}],"wp:attachment":[{"href":"https:\/\/www.elsa.dk\/aalborg\/wp-json\/wp\/v2\/media?parent=1033"}],"curies":[{"name":"wp","href":"https:\/\/api.w.org\/{rel}","templated":true}]}}