{"id":1052,"date":"2020-11-15T21:38:37","date_gmt":"2020-11-15T20:38:37","guid":{"rendered":"http:\/\/www.elsa.dk\/aalborg\/?page_id=1052"},"modified":"2020-11-15T22:03:41","modified_gmt":"2020-11-15T21:03:41","slug":"study-visit","status":"publish","type":"page","link":"https:\/\/www.elsa.dk\/aalborg\/study-visit\/","title":{"rendered":"Study Visit"},"content":{"rendered":"\t\t<div data-elementor-type=\"wp-page\" data-elementor-id=\"1052\" class=\"elementor elementor-1052\">\n\t\t\t\t\t\t<section class=\"elementor-section elementor-top-section elementor-element elementor-element-751bb40 elementor-section-boxed elementor-section-height-default elementor-section-height-default\" data-id=\"751bb40\" data-element_type=\"section\" data-e-type=\"section\">\n\t\t\t\t\t\t<div class=\"elementor-container elementor-column-gap-default\">\n\t\t\t\t\t<div class=\"elementor-column elementor-col-100 elementor-top-column elementor-element elementor-element-17bffc3\" data-id=\"17bffc3\" data-element_type=\"column\" data-e-type=\"column\">\n\t\t\t<div class=\"elementor-widget-wrap elementor-element-populated\">\n\t\t\t\t\t\t<div class=\"elementor-element elementor-element-4b43c3b elementor-widget elementor-widget-heading\" data-id=\"4b43c3b\" data-element_type=\"widget\" data-e-type=\"widget\" data-widget_type=\"heading.default\">\n\t\t\t\t<div class=\"elementor-widget-container\">\n\t\t\t\t\t<h2 class=\"elementor-heading-title elementor-size-default\">Study Visit<\/h2>\t\t\t\t<\/div>\n\t\t\t\t<\/div>\n\t\t\t\t\t<\/div>\n\t\t<\/div>\n\t\t\t\t\t<\/div>\n\t\t<\/section>\n\t\t\t\t<section class=\"elementor-section elementor-top-section elementor-element elementor-element-6174bb9 elementor-section-boxed elementor-section-height-default elementor-section-height-default\" data-id=\"6174bb9\" data-element_type=\"section\" data-e-type=\"section\">\n\t\t\t\t\t\t<div class=\"elementor-container elementor-column-gap-default\">\n\t\t\t\t\t<div class=\"elementor-column elementor-col-100 elementor-top-column elementor-element elementor-element-67f7a07\" data-id=\"67f7a07\" data-element_type=\"column\" data-e-type=\"column\">\n\t\t\t<div class=\"elementor-widget-wrap elementor-element-populated\">\n\t\t\t\t\t\t\t<\/div>\n\t\t<\/div>\n\t\t\t\t\t<\/div>\n\t\t<\/section>\n\t\t\t\t<section class=\"elementor-section elementor-top-section elementor-element elementor-element-0aaf279 elementor-section-boxed elementor-section-height-default elementor-section-height-default\" data-id=\"0aaf279\" data-element_type=\"section\" data-e-type=\"section\">\n\t\t\t\t\t\t<div class=\"elementor-container elementor-column-gap-default\">\n\t\t\t\t\t<div class=\"elementor-column elementor-col-50 elementor-top-column elementor-element elementor-element-d3e0b0c\" data-id=\"d3e0b0c\" data-element_type=\"column\" data-e-type=\"column\">\n\t\t\t<div class=\"elementor-widget-wrap elementor-element-populated\">\n\t\t\t\t\t\t<div class=\"elementor-element elementor-element-532e44a elementor-widget elementor-widget-text-editor\" data-id=\"532e44a\" data-element_type=\"widget\" data-e-type=\"widget\" data-widget_type=\"text-editor.default\">\n\t\t\t\t<div class=\"elementor-widget-container\">\n\t\t\t\t\t\t\t\t\t<p><strong>Studietur<\/strong><\/p><p>ELSA Aalborg giver vores medlemmer mulighed for at komme p\u00e5 en studietur til udlandet.\u00a0<\/p><p>Studieturen giver indblik i juraen p\u00e5 et internationalt plan, her b\u00e5de et andet lands retssystem, samt muligheden for som dansker at arbejde i udlandet med juraen.<\/p><p>ELSA Aalborg&#8217;s studietur har blandt andet g\u00e5et til Bruxells, London og Washington.\u00a0<\/p>\t\t\t\t\t\t\t\t<\/div>\n\t\t\t\t<\/div>\n\t\t\t\t\t<\/div>\n\t\t<\/div>\n\t\t\t\t<div class=\"elementor-column elementor-col-50 elementor-top-column elementor-element elementor-element-fa3d74a\" data-id=\"fa3d74a\" data-element_type=\"column\" data-e-type=\"column\">\n\t\t\t<div class=\"elementor-widget-wrap elementor-element-populated\">\n\t\t\t\t\t\t<div class=\"elementor-element elementor-element-4446851 elementor-widget elementor-widget-image\" data-id=\"4446851\" data-element_type=\"widget\" data-e-type=\"widget\" data-widget_type=\"image.default\">\n\t\t\t\t<div class=\"elementor-widget-container\">\n\t\t\t\t\t\t\t\t\t\t\t\t\t\t\t<img fetchpriority=\"high\" decoding=\"async\" width=\"1030\" height=\"579\" src=\"https:\/\/www.elsa.dk\/aalborg\/wp-content\/uploads\/2020\/11\/LONDON-1030x579.png\" class=\"attachment-large size-large wp-image-1059\" alt=\"\" srcset=\"https:\/\/www.elsa.dk\/aalborg\/wp-content\/uploads\/2020\/11\/LONDON-1030x579.png 1030w, https:\/\/www.elsa.dk\/aalborg\/wp-content\/uploads\/2020\/11\/LONDON-300x169.png 300w, https:\/\/www.elsa.dk\/aalborg\/wp-content\/uploads\/2020\/11\/LONDON-768x432.png 768w, https:\/\/www.elsa.dk\/aalborg\/wp-content\/uploads\/2020\/11\/LONDON-1536x864.png 1536w, https:\/\/www.elsa.dk\/aalborg\/wp-content\/uploads\/2020\/11\/LONDON.png 1920w\" sizes=\"(max-width: 1030px) 100vw, 1030px\" \/>\t\t\t\t\t\t\t\t\t\t\t\t\t\t\t<\/div>\n\t\t\t\t<\/div>\n\t\t\t\t\t<\/div>\n\t\t<\/div>\n\t\t\t\t\t<\/div>\n\t\t<\/section>\n\t\t\t\t<section class=\"elementor-section elementor-top-section elementor-element elementor-element-76a37e3 elementor-section-boxed elementor-section-height-default elementor-section-height-default\" data-id=\"76a37e3\" data-element_type=\"section\" data-e-type=\"section\">\n\t\t\t\t\t\t<div class=\"elementor-container elementor-column-gap-default\">\n\t\t\t\t\t<div class=\"elementor-column elementor-col-50 elementor-top-column elementor-element elementor-element-f013d64\" data-id=\"f013d64\" data-element_type=\"column\" data-e-type=\"column\">\n\t\t\t<div class=\"elementor-widget-wrap elementor-element-populated\">\n\t\t\t\t\t\t<div class=\"elementor-element elementor-element-950288e elementor-widget elementor-widget-text-editor\" data-id=\"950288e\" data-element_type=\"widget\" data-e-type=\"widget\" data-widget_type=\"text-editor.default\">\n\t\t\t\t<div class=\"elementor-widget-container\">\n\t\t\t\t\t\t\t\t\t<p><strong>Studiebes\u00f8g K\u00f8benhavn<\/strong><\/p><p>ELSA Aalborg arrangerer hvert for\u00e5r et studiebes\u00f8g til K\u00f8benhavn, hvor der planl\u00e6gges et bes\u00f8g hos et advokatkontor, samt en juridisk institution eller virksomhed.<\/p><p>Tidligere har ELSA Aalborg bes\u00f8gt advokatkontoret Bruun &amp; Hjejle samt Justitsministeriets departement.\u00a0<\/p><p>Mere information offentligg\u00f8res p\u00e5 vores Facebook-side samt Instagram-profil.\u00a0<\/p>\t\t\t\t\t\t\t\t<\/div>\n\t\t\t\t<\/div>\n\t\t\t\t\t<\/div>\n\t\t<\/div>\n\t\t\t\t<div class=\"elementor-column elementor-col-50 elementor-top-column elementor-element elementor-element-3ad1f1f\" data-id=\"3ad1f1f\" data-element_type=\"column\" data-e-type=\"column\">\n\t\t\t<div class=\"elementor-widget-wrap elementor-element-populated\">\n\t\t\t\t\t\t<div class=\"elementor-element elementor-element-11f27a0 elementor-widget elementor-widget-image\" data-id=\"11f27a0\" data-element_type=\"widget\" data-e-type=\"widget\" data-widget_type=\"image.default\">\n\t\t\t\t<div class=\"elementor-widget-container\">\n\t\t\t\t\t\t\t\t\t\t\t\t\t\t\t<img decoding=\"async\" width=\"1030\" height=\"539\" src=\"https:\/\/www.elsa.dk\/aalborg\/wp-content\/uploads\/2020\/11\/Koebenhavn-1030x539.png\" class=\"attachment-large size-large wp-image-1058\" alt=\"\" srcset=\"https:\/\/www.elsa.dk\/aalborg\/wp-content\/uploads\/2020\/11\/Koebenhavn-1030x539.png 1030w, https:\/\/www.elsa.dk\/aalborg\/wp-content\/uploads\/2020\/11\/Koebenhavn-300x157.png 300w, https:\/\/www.elsa.dk\/aalborg\/wp-content\/uploads\/2020\/11\/Koebenhavn-768x402.png 768w, https:\/\/www.elsa.dk\/aalborg\/wp-content\/uploads\/2020\/11\/Koebenhavn.png 1200w\" sizes=\"(max-width: 1030px) 100vw, 1030px\" \/>\t\t\t\t\t\t\t\t\t\t\t\t\t\t\t<\/div>\n\t\t\t\t<\/div>\n\t\t\t\t\t<\/div>\n\t\t<\/div>\n\t\t\t\t\t<\/div>\n\t\t<\/section>\n\t\t\t\t<\/div>\n\t\t","protected":false},"excerpt":{"rendered":"<p>Study Visit Studietur ELSA Aalborg giver vores medlemmer mulighed for at komme p\u00e5 en studietur til udlandet.\u00a0 Studieturen giver indblik i juraen p\u00e5 et internationalt plan, her b\u00e5de et andet lands retssystem, samt muligheden for som dansker at arbejde i udlandet med juraen. ELSA Aalborg&#8217;s studietur har blandt andet g\u00e5et til Bruxells, London og Washington.\u00a0&hellip;&nbsp;<a href=\"https:\/\/www.elsa.dk\/aalborg\/study-visit\/\" class=\"\" rel=\"bookmark\">L\u00e6s mere &raquo;<span class=\"screen-reader-text\">Study Visit<\/span><\/a><\/p>\n","protected":false},"author":3,"featured_media":0,"parent":0,"menu_order":0,"comment_status":"closed","ping_status":"closed","template":"page-templates\/template-pagebuilder-full-width.php","meta":{"footnotes":""},"class_list":["post-1052","page","type-page","status-publish","hentry"],"_links":{"self":[{"href":"https:\/\/www.elsa.dk\/aalborg\/wp-json\/wp\/v2\/pages\/1052","targetHints":{"allow":["GET"]}}],"collection":[{"href":"https:\/\/www.elsa.dk\/aalborg\/wp-json\/wp\/v2\/pages"}],"about":[{"href":"https:\/\/www.elsa.dk\/aalborg\/wp-json\/wp\/v2\/types\/page"}],"author":[{"embeddable":true,"href":"https:\/\/www.elsa.dk\/aalborg\/wp-json\/wp\/v2\/users\/3"}],"replies":[{"embeddable":true,"href":"https:\/\/www.elsa.dk\/aalborg\/wp-json\/wp\/v2\/comments?post=1052"}],"version-history":[{"count":4,"href":"https:\/\/www.elsa.dk\/aalborg\/wp-json\/wp\/v2\/pages\/1052\/revisions"}],"predecessor-version":[{"id":1062,"href":"https:\/\/www.elsa.dk\/aalborg\/wp-json\/wp\/v2\/pages\/1052\/revisions\/1062"}],"wp:attachment":[{"href":"https:\/\/www.elsa.dk\/aalborg\/wp-json\/wp\/v2\/media?parent=1052"}],"curies":[{"name":"wp","href":"https:\/\/api.w.org\/{rel}","templated":true}]}}