{"id":305,"date":"2017-10-10T16:44:39","date_gmt":"2017-10-10T15:44:39","guid":{"rendered":"http:\/\/www.elsa.dk\/aalborg\/?page_id=305"},"modified":"2025-08-06T12:51:39","modified_gmt":"2025-08-06T11:51:39","slug":"directors","status":"publish","type":"page","link":"https:\/\/www.elsa.dk\/aalborg\/directors\/","title":{"rendered":"Directors"},"content":{"rendered":"\t\t<div data-elementor-type=\"wp-post\" data-elementor-id=\"305\" class=\"elementor elementor-305\">\n\t\t\t\t\t\t<section class=\"elementor-section elementor-top-section elementor-element elementor-element-c31b4b1 elementor-section-boxed elementor-section-height-default elementor-section-height-default\" data-id=\"c31b4b1\" data-element_type=\"section\" data-e-type=\"section\">\n\t\t\t\t\t\t<div class=\"elementor-container elementor-column-gap-default\">\n\t\t\t\t\t<div class=\"elementor-column elementor-col-100 elementor-top-column elementor-element elementor-element-abba1b9\" data-id=\"abba1b9\" data-element_type=\"column\" data-e-type=\"column\">\n\t\t\t<div class=\"elementor-widget-wrap elementor-element-populated\">\n\t\t\t\t\t\t<div class=\"elementor-element elementor-element-34177ef elementor-widget elementor-widget-text-editor\" data-id=\"34177ef\" data-element_type=\"widget\" data-e-type=\"widget\" data-widget_type=\"text-editor.default\">\n\t\t\t\t<div class=\"elementor-widget-container\">\n\t\t\t\t\t\t\t\t\t<p><span style=\"font-family: var( --e-global-typography-text-font-family ), Sans-serif;\">En Director i ELSA Aalborg bist\u00e5r et bestyrelsesmedlem under dets respektive omr\u00e5de med hj\u00e6lp til at arrangere og afholde arrangementerne i l\u00f8bet af et bestyrelses\u00e5r. Derudover er vores Directors med til at bidrage til det interne f\u00e6llesskab p\u00e5 hver af deres unikke m\u00e5de. \ud83d\udc99<\/span><\/p>\t\t\t\t\t\t\t\t<\/div>\n\t\t\t\t<\/div>\n\t\t\t\t\t<\/div>\n\t\t<\/div>\n\t\t\t\t\t<\/div>\n\t\t<\/section>\n\t\t\t\t<\/div>\n\t\t","protected":false},"excerpt":{"rendered":"<p>En Director i ELSA Aalborg bist\u00e5r et bestyrelsesmedlem under dets respektive omr\u00e5de med hj\u00e6lp til at arrangere og afholde arrangementerne i l\u00f8bet af et bestyrelses\u00e5r. Derudover er vores Directors med til at bidrage til det interne f\u00e6llesskab p\u00e5 hver af deres unikke m\u00e5de. \ud83d\udc99<\/p>\n","protected":false},"author":3,"featured_media":1673,"parent":0,"menu_order":0,"comment_status":"closed","ping_status":"closed","template":"","meta":{"footnotes":""},"class_list":["post-305","page","type-page","status-publish","has-post-thumbnail","hentry"],"_links":{"self":[{"href":"https:\/\/www.elsa.dk\/aalborg\/wp-json\/wp\/v2\/pages\/305","targetHints":{"allow":["GET"]}}],"collection":[{"href":"https:\/\/www.elsa.dk\/aalborg\/wp-json\/wp\/v2\/pages"}],"about":[{"href":"https:\/\/www.elsa.dk\/aalborg\/wp-json\/wp\/v2\/types\/page"}],"author":[{"embeddable":true,"href":"https:\/\/www.elsa.dk\/aalborg\/wp-json\/wp\/v2\/users\/3"}],"replies":[{"embeddable":true,"href":"https:\/\/www.elsa.dk\/aalborg\/wp-json\/wp\/v2\/comments?post=305"}],"version-history":[{"count":221,"href":"https:\/\/www.elsa.dk\/aalborg\/wp-json\/wp\/v2\/pages\/305\/revisions"}],"predecessor-version":[{"id":1732,"href":"https:\/\/www.elsa.dk\/aalborg\/wp-json\/wp\/v2\/pages\/305\/revisions\/1732"}],"wp:featuredmedia":[{"embeddable":true,"href":"https:\/\/www.elsa.dk\/aalborg\/wp-json\/wp\/v2\/media\/1673"}],"wp:attachment":[{"href":"https:\/\/www.elsa.dk\/aalborg\/wp-json\/wp\/v2\/media?parent=305"}],"curies":[{"name":"wp","href":"https:\/\/api.w.org\/{rel}","templated":true}]}}