{"id":99,"date":"2016-08-07T10:51:15","date_gmt":"2016-08-07T09:51:15","guid":{"rendered":"http:\/\/www.elsa.dk\/aalborg\/?page_id=99"},"modified":"2020-09-22T16:45:27","modified_gmt":"2020-09-22T15:45:27","slug":"procedurekonkurrencen","status":"publish","type":"page","link":"https:\/\/www.elsa.dk\/aalborg\/aktiviteter\/procedurekonkurrencen\/","title":{"rendered":"Procedurekonkurrencen"},"content":{"rendered":"\t\t<div data-elementor-type=\"wp-page\" data-elementor-id=\"99\" class=\"elementor elementor-99\">\n\t\t\t\t\t\t<section class=\"elementor-section elementor-top-section elementor-element elementor-element-d54073a elementor-section-boxed elementor-section-height-default elementor-section-height-default\" data-id=\"d54073a\" data-element_type=\"section\" data-e-type=\"section\">\n\t\t\t\t\t\t<div class=\"elementor-container elementor-column-gap-default\">\n\t\t\t\t\t<div class=\"elementor-column elementor-col-100 elementor-top-column elementor-element elementor-element-a92c0f9\" data-id=\"a92c0f9\" data-element_type=\"column\" data-e-type=\"column\">\n\t\t\t<div class=\"elementor-widget-wrap elementor-element-populated\">\n\t\t\t\t\t\t<div class=\"elementor-element elementor-element-7599efa elementor-widget elementor-widget-image\" data-id=\"7599efa\" data-element_type=\"widget\" data-e-type=\"widget\" data-widget_type=\"image.default\">\n\t\t\t\t<div class=\"elementor-widget-container\">\n\t\t\t\t\t\t\t\t\t\t\t\t\t\t\t<img fetchpriority=\"high\" decoding=\"async\" width=\"715\" height=\"433\" src=\"https:\/\/www.elsa.dk\/aalborg\/wp-content\/uploads\/2020\/09\/Skaermbillede-2020-09-22-kl.-17.43.45.png\" class=\"attachment-large size-large wp-image-940\" alt=\"\" srcset=\"https:\/\/www.elsa.dk\/aalborg\/wp-content\/uploads\/2020\/09\/Skaermbillede-2020-09-22-kl.-17.43.45.png 715w, https:\/\/www.elsa.dk\/aalborg\/wp-content\/uploads\/2020\/09\/Skaermbillede-2020-09-22-kl.-17.43.45-300x182.png 300w\" sizes=\"(max-width: 715px) 100vw, 715px\" \/>\t\t\t\t\t\t\t\t\t\t\t\t\t\t\t<\/div>\n\t\t\t\t<\/div>\n\t\t\t\t\t<\/div>\n\t\t<\/div>\n\t\t\t\t\t<\/div>\n\t\t<\/section>\n\t\t\t\t<section class=\"elementor-section elementor-top-section elementor-element elementor-element-570130f8 elementor-section-boxed elementor-section-height-default elementor-section-height-default\" data-id=\"570130f8\" data-element_type=\"section\" data-e-type=\"section\">\n\t\t\t\t\t\t<div class=\"elementor-container elementor-column-gap-default\">\n\t\t\t\t\t<div class=\"elementor-column elementor-col-100 elementor-top-column elementor-element elementor-element-368d13b\" data-id=\"368d13b\" data-element_type=\"column\" data-e-type=\"column\">\n\t\t\t<div class=\"elementor-widget-wrap elementor-element-populated\">\n\t\t\t\t\t\t<div class=\"elementor-element elementor-element-38f92cd elementor-widget elementor-widget-text-editor\" data-id=\"38f92cd\" data-element_type=\"widget\" data-e-type=\"widget\" data-widget_type=\"text-editor.default\">\n\t\t\t\t<div class=\"elementor-widget-container\">\n\t\t\t\t\t\t\t\t\t<p style=\"text-align: left;\">ELSA Aalborgs Procedurekonkurrence er en \u00e5rlig tilbagevende begivenhed, der afholdes hvert for\u00e5r.<\/p>\n<p style=\"text-align: left;\">Procedurekonkurrencen giver dig mulighed for at afpr\u00f8ve kr\u00e6fter med at procedere i retten ved en fiktiv sag indenfor aftale- og kontraktsretten med og mod dine medstuderende. Hvert deltagende hold best\u00e5r af 2 jura- eller erhvervsjurastuderende fra Aalborg Universitet.\u00a0Forud for selve konkurrencen f\u00e5r holdene udleveret en case, som de efterf\u00f8lgende har 2 dage til at forberede. Hvert hold f\u00e5r tildelt en vejleder fra advokatbranchen og har s\u00e5ledes mulighed for sparring. Det hele afsluttes i Byretten i Aalborg, hvor holdene skal procederer deres sag foran tre dommer.<\/p>\n<p style=\"text-align: left;\">Procedurekonkurrencen afholdes ogs\u00e5 i ELSA Danmarks \u00f8vrige lokalegrupper, og vinderne fra de forskellige lokalgrupper skal dern\u00e6st m\u00f8des i en finale i H\u00f8jesteret. Det betyder, at hvis dit hold vinder ELSA Aalborgs procedurekonkurrence i Byretten, f\u00e5r I en unik mulighed for at pr\u00f8ve kr\u00e6fter med at procedere i H\u00f8jesteret.<\/p>\n<p style=\"text-align: left;\">Procedurekonkurrencen giver dig s\u00e5ledes mulighed for at afpr\u00f8ve teorien fra undervisningen i praksis samt adgangen til at sparre med kompetente advokater. Deltagelse i konkurrencen giver dig ogs\u00e5 en unik mulighed for at styrke dit CV frem mod din fremtidige karriere.<\/p>\t\t\t\t\t\t\t\t<\/div>\n\t\t\t\t<\/div>\n\t\t\t\t\t<\/div>\n\t\t<\/div>\n\t\t\t\t\t<\/div>\n\t\t<\/section>\n\t\t\t\t<\/div>\n\t\t","protected":false},"excerpt":{"rendered":"<p>ELSA Aalborgs Procedurekonkurrence er en \u00e5rlig tilbagevende begivenhed, der afholdes hvert for\u00e5r. Procedurekonkurrencen giver dig mulighed for at afpr\u00f8ve kr\u00e6fter med at procedere i retten ved en fiktiv sag indenfor aftale- og kontraktsretten med og mod dine medstuderende. Hvert deltagende hold best\u00e5r af 2 jura- eller erhvervsjurastuderende fra Aalborg Universitet.\u00a0Forud for selve konkurrencen f\u00e5r holdene&hellip;&nbsp;<a href=\"https:\/\/www.elsa.dk\/aalborg\/aktiviteter\/procedurekonkurrencen\/\" class=\"\" rel=\"bookmark\">L\u00e6s mere &raquo;<span class=\"screen-reader-text\">Procedurekonkurrencen<\/span><\/a><\/p>\n","protected":false},"author":3,"featured_media":0,"parent":97,"menu_order":0,"comment_status":"closed","ping_status":"closed","template":"","meta":{"footnotes":""},"class_list":["post-99","page","type-page","status-publish","hentry"],"_links":{"self":[{"href":"https:\/\/www.elsa.dk\/aalborg\/wp-json\/wp\/v2\/pages\/99","targetHints":{"allow":["GET"]}}],"collection":[{"href":"https:\/\/www.elsa.dk\/aalborg\/wp-json\/wp\/v2\/pages"}],"about":[{"href":"https:\/\/www.elsa.dk\/aalborg\/wp-json\/wp\/v2\/types\/page"}],"author":[{"embeddable":true,"href":"https:\/\/www.elsa.dk\/aalborg\/wp-json\/wp\/v2\/users\/3"}],"replies":[{"embeddable":true,"href":"https:\/\/www.elsa.dk\/aalborg\/wp-json\/wp\/v2\/comments?post=99"}],"version-history":[{"count":14,"href":"https:\/\/www.elsa.dk\/aalborg\/wp-json\/wp\/v2\/pages\/99\/revisions"}],"predecessor-version":[{"id":942,"href":"https:\/\/www.elsa.dk\/aalborg\/wp-json\/wp\/v2\/pages\/99\/revisions\/942"}],"up":[{"embeddable":true,"href":"https:\/\/www.elsa.dk\/aalborg\/wp-json\/wp\/v2\/pages\/97"}],"wp:attachment":[{"href":"https:\/\/www.elsa.dk\/aalborg\/wp-json\/wp\/v2\/media?parent=99"}],"curies":[{"name":"wp","href":"https:\/\/api.w.org\/{rel}","templated":true}]}}