{"id":991,"date":"2020-11-06T21:11:58","date_gmt":"2020-11-06T20:11:58","guid":{"rendered":"http:\/\/www.elsa.dk\/aalborg\/?page_id=991"},"modified":"2021-08-14T11:30:12","modified_gmt":"2021-08-14T10:30:12","slug":"bliv-samarbejdspartner","status":"publish","type":"page","link":"https:\/\/www.elsa.dk\/aalborg\/bliv-samarbejdspartner\/","title":{"rendered":"Bliv samarbejdspartner"},"content":{"rendered":"\t\t<div data-elementor-type=\"wp-page\" data-elementor-id=\"991\" class=\"elementor elementor-991\">\n\t\t\t\t\t\t<section class=\"elementor-section elementor-top-section elementor-element elementor-element-1f63999 elementor-section-boxed elementor-section-height-default elementor-section-height-default\" data-id=\"1f63999\" data-element_type=\"section\" data-e-type=\"section\">\n\t\t\t\t\t\t<div class=\"elementor-container elementor-column-gap-default\">\n\t\t\t\t\t<div class=\"elementor-column elementor-col-100 elementor-top-column elementor-element elementor-element-594e3af\" data-id=\"594e3af\" data-element_type=\"column\" data-e-type=\"column\">\n\t\t\t<div class=\"elementor-widget-wrap elementor-element-populated\">\n\t\t\t\t\t\t<div class=\"elementor-element elementor-element-810760a elementor-widget elementor-widget-heading\" data-id=\"810760a\" data-element_type=\"widget\" data-e-type=\"widget\" data-widget_type=\"heading.default\">\n\t\t\t\t<div class=\"elementor-widget-container\">\n\t\t\t\t\t<h1 class=\"elementor-heading-title elementor-size-default\">Bliv samarbejdspartner<\/h1>\t\t\t\t<\/div>\n\t\t\t\t<\/div>\n\t\t\t\t\t<\/div>\n\t\t<\/div>\n\t\t\t\t\t<\/div>\n\t\t<\/section>\n\t\t\t\t<section class=\"elementor-section elementor-top-section elementor-element elementor-element-0fd6a2b elementor-section-boxed elementor-section-height-default elementor-section-height-default\" data-id=\"0fd6a2b\" data-element_type=\"section\" data-e-type=\"section\">\n\t\t\t\t\t\t<div class=\"elementor-container elementor-column-gap-default\">\n\t\t\t\t\t<div class=\"elementor-column elementor-col-100 elementor-top-column elementor-element elementor-element-5c55b04\" data-id=\"5c55b04\" data-element_type=\"column\" data-e-type=\"column\">\n\t\t\t<div class=\"elementor-widget-wrap elementor-element-populated\">\n\t\t\t\t\t\t<div class=\"elementor-element elementor-element-73bc2cc elementor-widget elementor-widget-text-editor\" data-id=\"73bc2cc\" data-element_type=\"widget\" data-e-type=\"widget\" data-widget_type=\"text-editor.default\">\n\t\t\t\t<div class=\"elementor-widget-container\">\n\t\t\t\t\t\t\t\t\t<p><\/p>\n<p>Er I vores nye samarbejdspartner?<\/p>\n<p>I ELSA Aalborg er vi altid \u00e5bne overfor nye sp\u00e6ndende samarbejder, s\u00e5 skulle I som advokatkontor eller anden juridisk virksomhed have lyst til at indg\u00e5 et samarbejde med ELSA Aalborg, som blandt andet givet mulighed for at n\u00e5 ud til et bredt netv\u00e6rk af jura- og erhvervsjurastuderede, s\u00e5 kontakt formanden p\u00e5 e-mail <a href=\"mailto:president.aalborg@dk.elsa.org\">president.aalborg@dk.elsa.org<\/a>&nbsp;for n\u00e6rmere dr\u00f8ftelser om, hvad vi hver is\u00e6r kan tilbyde hinanden.<\/p>\n<p><\/p>\n<p style=\"margin-top: 0.85em; margin-bottom: 0.85em; border: 0px #f2f2f2; font-family: 'open sans', HelveticaNeue, 'Helvetica Neue', Helvetica-Neue, Helvetica, Arial, sans-serif; font-size: 13px; font-stretch: inherit; line-height: inherit; vertical-align: baseline; caret-color: #b0b0b0; color: #b0b0b0;\">\n<\/p>\t\t\t\t\t\t\t\t<\/div>\n\t\t\t\t<\/div>\n\t\t\t\t\t<\/div>\n\t\t<\/div>\n\t\t\t\t\t<\/div>\n\t\t<\/section>\n\t\t\t\t<\/div>\n\t\t","protected":false},"excerpt":{"rendered":"<p>Bliv samarbejdspartner Er I vores nye samarbejdspartner? I ELSA Aalborg er vi altid \u00e5bne overfor nye sp\u00e6ndende samarbejder, s\u00e5 skulle I som advokatkontor eller anden juridisk virksomhed have lyst til at indg\u00e5 et samarbejde med ELSA Aalborg, som blandt andet givet mulighed for at n\u00e5 ud til et bredt netv\u00e6rk af jura- og erhvervsjurastuderede, s\u00e5&hellip;&nbsp;<a href=\"https:\/\/www.elsa.dk\/aalborg\/bliv-samarbejdspartner\/\" class=\"\" rel=\"bookmark\">L\u00e6s mere &raquo;<span class=\"screen-reader-text\">Bliv samarbejdspartner<\/span><\/a><\/p>\n","protected":false},"author":3,"featured_media":0,"parent":0,"menu_order":0,"comment_status":"closed","ping_status":"closed","template":"page-templates\/template-pagebuilder-full-width.php","meta":{"footnotes":""},"class_list":["post-991","page","type-page","status-publish","hentry"],"_links":{"self":[{"href":"https:\/\/www.elsa.dk\/aalborg\/wp-json\/wp\/v2\/pages\/991","targetHints":{"allow":["GET"]}}],"collection":[{"href":"https:\/\/www.elsa.dk\/aalborg\/wp-json\/wp\/v2\/pages"}],"about":[{"href":"https:\/\/www.elsa.dk\/aalborg\/wp-json\/wp\/v2\/types\/page"}],"author":[{"embeddable":true,"href":"https:\/\/www.elsa.dk\/aalborg\/wp-json\/wp\/v2\/users\/3"}],"replies":[{"embeddable":true,"href":"https:\/\/www.elsa.dk\/aalborg\/wp-json\/wp\/v2\/comments?post=991"}],"version-history":[{"count":8,"href":"https:\/\/www.elsa.dk\/aalborg\/wp-json\/wp\/v2\/pages\/991\/revisions"}],"predecessor-version":[{"id":1106,"href":"https:\/\/www.elsa.dk\/aalborg\/wp-json\/wp\/v2\/pages\/991\/revisions\/1106"}],"wp:attachment":[{"href":"https:\/\/www.elsa.dk\/aalborg\/wp-json\/wp\/v2\/media?parent=991"}],"curies":[{"name":"wp","href":"https:\/\/api.w.org\/{rel}","templated":true}]}}