{"id":8958,"date":"2023-03-07T23:30:34","date_gmt":"2023-03-07T21:30:34","guid":{"rendered":"http:\/\/www.elsa.dk\/?page_id=8958"},"modified":"2026-02-13T11:39:26","modified_gmt":"2026-02-13T09:39:26","slug":"persondatapolitik","status":"publish","type":"page","link":"https:\/\/www.elsa.dk\/?page_id=8958","title":{"rendered":"Persondatapolitik"},"content":{"rendered":"\t\t<div data-elementor-type=\"wp-page\" data-elementor-id=\"8958\" class=\"elementor elementor-8958\">\n\t\t\t\t\t\t<section class=\"elementor-section elementor-top-section elementor-element elementor-element-0ae1359 elementor-section-boxed elementor-section-height-default elementor-section-height-default\" data-id=\"0ae1359\" data-element_type=\"section\" data-e-type=\"section\">\n\t\t\t\t\t\t<div class=\"elementor-container elementor-column-gap-default\">\n\t\t\t\t\t<div class=\"elementor-column elementor-col-100 elementor-top-column elementor-element elementor-element-783ac36\" data-id=\"783ac36\" data-element_type=\"column\" data-e-type=\"column\">\n\t\t\t<div class=\"elementor-widget-wrap elementor-element-populated\">\n\t\t\t\t\t\t<div class=\"elementor-element elementor-element-3418f37 elementor-widget-divider--view-line_text elementor-widget-divider--element-align-center elementor-widget elementor-widget-divider\" data-id=\"3418f37\" data-element_type=\"widget\" data-e-type=\"widget\" data-widget_type=\"divider.default\">\n\t\t\t\t<div class=\"elementor-widget-container\">\n\t\t\t\t\t\t\t<div class=\"elementor-divider\">\n\t\t\t<span class=\"elementor-divider-separator\">\n\t\t\t\t\t\t\t<span class=\"elementor-divider__text elementor-divider__element\">\n\t\t\t\tPERSONDATAPOLITIK FOR ELSA DENMARK\t\t\t\t<\/span>\n\t\t\t\t\t\t<\/span>\n\t\t<\/div>\n\t\t\t\t\t\t<\/div>\n\t\t\t\t<\/div>\n\t\t\t\t\t<\/div>\n\t\t<\/div>\n\t\t\t\t\t<\/div>\n\t\t<\/section>\n\t\t\t\t<section class=\"elementor-section elementor-top-section elementor-element elementor-element-67ec0c1 elementor-section-boxed elementor-section-height-default elementor-section-height-default\" data-id=\"67ec0c1\" data-element_type=\"section\" data-e-type=\"section\">\n\t\t\t\t\t\t<div class=\"elementor-container elementor-column-gap-default\">\n\t\t\t\t\t<div class=\"elementor-column elementor-col-33 elementor-top-column elementor-element elementor-element-4ba238e\" data-id=\"4ba238e\" data-element_type=\"column\" data-e-type=\"column\">\n\t\t\t<div class=\"elementor-widget-wrap\">\n\t\t\t\t\t\t\t<\/div>\n\t\t<\/div>\n\t\t\t\t<div class=\"elementor-column elementor-col-33 elementor-top-column elementor-element elementor-element-165155f\" data-id=\"165155f\" data-element_type=\"column\" data-e-type=\"column\">\n\t\t\t<div class=\"elementor-widget-wrap elementor-element-populated\">\n\t\t\t\t\t\t<div class=\"elementor-element elementor-element-2878772 elementor-widget elementor-widget-text-editor\" data-id=\"2878772\" data-element_type=\"widget\" data-e-type=\"widget\" data-widget_type=\"text-editor.default\">\n\t\t\t\t<div class=\"elementor-widget-container\">\n\t\t\t\t\t\t\t\t\t<p><em>Sidst revideret den 16. marts 2024.<\/em><\/p><p><b>1. Form\u00e5let<\/b><\/p><p>1.1 Form\u00e5let <span style=\"font-weight: 400;\">med privatlivspolitikken er at informere dig om, hvordan ELSA Denmark (&#8220;vi&#8221;, &#8220;os&#8221;) behandler dine personoplysninger. Med denne politik \u00f8nsker vi at g\u00f8re dig opm\u00e6rksom p\u00e5 de oplysninger, som vi indsamler og behandler, samt hvor l\u00e6nge vi opbevarer dem. Denne privatlivspolitik regulerer ELSA Denmarks behandling af personoplysninger i forbindelse med deltagelse i arrangementer, internationale m\u00f8der eller anden udveksling af personoplysninger med os.<\/span><\/p><p><span style=\"font-weight: 400;\">Vi behandler udelukkende personoplysninger til klare og saglige form\u00e5l og ud fra foreningens legitime interesser. Vi behandler kun personoplysninger, der er relevante og n\u00f8dvendige for at opfylde de angivne form\u00e5l, og vi sletter dine oplysninger, n\u00e5r de ikke l\u00e6ngere er n\u00f8dvendige.<\/span><\/p><p><b>2. Beskrivelse af handlingen<\/b><\/p><p><span style=\"font-weight: 400;\">2.1. ELSA Denmark behandler dine oplysninger til et eller flere specifikke form\u00e5l og i overensstemmelse med databeskyttelsesreglerne. Oplysningerne vil som udgangspunkt komme direkte fra dig, og vi behandler kun dine oplysninger, s\u00e5 l\u00e6nge det er n\u00f8dvendigt i forhold til det form\u00e5l, de er indsamlet til. Nedenfor kan du l\u00e6se mere om, hvilke typer behandling vi laver.<\/span><\/p><p><span style=\"font-weight: 400;\">2.1.1. Internetside<br \/><\/span><span style=\"font-weight: 400;\">I forbindelse med den almindelige drift af vores hjemmeside indsamler vi persondata om dig via cookies for at forbedre hjemmesidens udseende og brugeroplevelse, samt for at udarbejde statistik. Vi indsamler kun dine personoplysninger, hvis du har givet dit samtykke hertil. Du kan til enhver tid tr\u00e6kke dit samtykke tilbage. L\u00e6s mere i afsnittet ad nedenst\u00e5ende om cookies (afsnit 5).\u00a0<\/span><\/p><p><span style=\"font-weight: 400;\">Vores hjemmeside indeholder ogs\u00e5 integrerede plugins fra sociale medieplatforme, der ogs\u00e5 kan indsamle data fra dig. I den forbindelse har vi et f\u00e6lles dataansvar med enhver medieplatform.\u00a0<\/span><\/p><p><span style=\"font-weight: 400;\">2.1.1. Deltagelse i interne arrangementer\u00a0<br \/><\/span><span style=\"font-weight: 400;\">I forbindelse med deltagelse i interne arrangementer afholdt eller som del af det danske ELSA-netv\u00e6rk, f.eks. National Council Meeting eller International Council Meeting, behandler vi alene de personoplysninger, der er n\u00f8dvendige for at afvikle eller deltage i arrangementet, som f\u00f8lge af samtykke (GDPR art. 6(1)(a) og art. 9(2)(a)) eller en legitim interesse heri (GDPR art. 6(1)(f)). Til dette behandler vi oplysninger best\u00e5ende af, men ikke begr\u00e6nset til:\u00a0<\/span><\/p><ul><li style=\"font-weight: 400;\" aria-level=\"1\"><span style=\"font-weight: 400;\">Almindelige personoplysninger: navn, emailadresse og medlemskab af ELSA lokalgruppe<\/span><\/li><li style=\"font-weight: 400;\" aria-level=\"1\"><span style=\"font-weight: 400;\">F\u00f8lsomme personoplysninger: allergener eller s\u00e6rlige forhold\u00a0<\/span><\/li><\/ul><p><span style=\"font-weight: 400;\"><br \/>Vi behandler oplysningerne indtil afholdelsen af arrangementet og otte uger efter. Herefter vil oplysningerne blive slettet.\u00a0\u00a0<br \/><\/span><\/p><p><span style=\"font-weight: 400;\">2.1.2. Deltagelse i offentlige arrangementer\u00a0<br \/><\/span><span style=\"font-weight: 400;\">I forbindelse med deltagelse i offentlige arrangementer afholdt af ELSA Denmark, f.eks. ELSA Denmarks Procedurekonkurrence Finale, behandler vi almindelige oplysninger som navn, e-mailadresse, universitet, bop\u00e6l og betalingsoplysninger samt f\u00f8lsomme personoplysninger om allergener eller s\u00e6rlige forhold. Vi behandler dine oplysninger for at indg\u00e5 i og opfylde en aftale med dig om deltagelse i vores arrangementer (GDPR art. 6(1)(b)).<\/span><\/p><p><span style=\"font-weight: 400;\">Vi opbevarer de indsamlede oplysninger med henblik p\u00e5 din deltagelse i vores arrangement i op til 1 \u00e5r efter, at arrangementerne er afholdt. P\u00e5n\u00e6r bankoplysninger, som vi opbevarer i overensstemmelse med de lovfastlagte frister.\u00a0<\/span><\/p><p><span style=\"font-weight: 400;\">Dertil behandler vi oplysninger om navn, studieanciennitet, universitet og studieretning samt billeder og\/eller videoer i tilknytning til arrangementet. Vi behandler dine oplysninger som f\u00f8lge af samtykke givet forud for deltagelse i arrangementet (GDPR art. 6(1)(a)).\u00a0<\/span><\/p><p><span style=\"font-weight: 400;\">Vi behandler oplysningerne f\u00f8r, under afholdelsen af arrangementet og efterf\u00f8lgende til brug for markedsf\u00f8ringen af vores arrangementer. Samtykket kan til enhver tid tilbagekaldes, jf. den underskrevet samtykkeerkl\u00e6ring.\u00a0<\/span><\/p><p><span style=\"font-weight: 400;\">2.1.3. Samarbejdspartnere<br \/><\/span><span style=\"font-weight: 400;\">N\u00e5r vi indg\u00e5r aftaler med samarbejdspartnere, behandler vi oplysninger om deres kontaktpersoner. Dette omfatter oplysninger om navn, stilling, telefonnr., e-mail og, hvis det er n\u00f8dvendigt, betalingsoplysninger.<\/span><\/p><p><span style=\"font-weight: 400;\">Oplysningerne behandles enten p\u00e5 baggrund af et krav om at indg\u00e5 en aftale med den konkrete leverand\u00f8r eller samarbejdspartner (GDPR artikel 6, stk. 1, litra b) eller hvis vi som en del af aftalen har en legitim interesse i at behandle den specifikke kontaktpersons oplysninger (GDPR artikel 6, stk. 1, litra f)).<\/span><\/p><p><span style=\"font-weight: 400;\">Vi gemmer relevante kontaktoplysninger som en del af vores samarbejde. Skriftlig korrespondance slettes l\u00f8bende og opbevares i op til 2 \u00e5r efter at vores samarbejde er afsluttet.<\/span><\/p><p><span style=\"font-weight: 400;\">\u00a0<\/span><\/p><p><b>3. Anmeldelse ved lovpligtig behandling<\/b><\/p><p><span style=\"font-weight: 400;\">3.1. I de tilf\u00e6lde, hvor vi behandler dine personoplysninger p\u00e5 baggrund af et lovkrav, en aftale eller et krav, der skal opfyldes for at indg\u00e5 en aftale, er du forpligtet til at give os dataene, s\u00e5 vi kan f.eks. opfylde aftalen og fakturere dig for vores ydelser mv.. Hvis du ikke \u00f8nsker at give os de data, som vi skal bruge for at overholde vores forpligtelser, kan konsekvensen v\u00e6re, at vi ikke kan f.eks. opfylde en aftale med dig.<\/span><\/p><p><b>4. Modtagere af persondata\u00a0<\/b><\/p><p><span style=\"font-weight: 400;\">4.1. Vi behandler dine personoplysninger med fortrolighed, og vi videregiver generelt ikke dine oplysninger til tredjeparter. Vi kan dog videregive dine personoplysninger, hvis du har givet dit samtykke hertil, hvis vi har en legitim interesse i videregivelsen, eller n\u00e5r vi er forpligtet til at g\u00f8re det ved lov. Dette inkluderer eksempelvis deltagelse ved internationale arrangementer, hvor vi, efter modtaget samtykke, videregiver oplysninger til brug for deltagelse.\u00a0<\/span><\/p><p><span style=\"font-weight: 400;\">4.2. Vi kan overlade dine personoplysninger til vores systemleverand\u00f8rer, som behandler personoplysninger p\u00e5 vores vegne og i henhold til vores specifikke instruktioner.<\/span><\/p><p><span style=\"font-weight: 400;\">4.3. Nogle af vores databehandlere og de sociale medieplatforme, som vi har et f\u00e6lles dataansvar med, kan v\u00e6re placeret uden for EU, hvor en overf\u00f8rsel til et tredjeland finder sted.\u00a0<\/span><\/p><p><b>5. Cookies<\/b><\/p><p><span style=\"font-weight: 400;\">5.1. Websitet anvender first party \u201ccookies\u201d, der er en tekstfil, som gemmes p\u00e5 din computer, mobil eller tilsvarende med det form\u00e5l at genkende den, huske indstillinger og udf\u00f8re statistik. Cookies kan ikke indeholde en skadelig kode s\u00e5som virus.<\/span><\/p><p><span style=\"font-weight: 400;\">5.2. Det er muligt at slette eller blokere for cookies. Se vejledning: <\/span><span style=\"color: #0000ff;\"><a style=\"color: #0000ff;\" href=\"http:\/\/minecookies.org\/cookieh\"><span style=\"font-weight: 400;\">http:\/\/minecookies.org\/cookieh\u00e5ndtering<\/span><\/a><\/span><span style=\"font-weight: 400;\">. Hvis du sletter eller blokerer cookies, kan du risikere at websitet ikke fungerer optimalt, samt at der er indhold, du ikke kan f\u00e5 adgang til.<\/span><\/p><p><b>6. Dine rettigheder<\/b><\/p><p><span style=\"font-weight: 400;\">6.1. N\u00e5r vi indsamler oplysninger om dig, har du en r\u00e6kke grundl\u00e6ggende rettigheder i persondataforordningen, som du kan bruge. Dine rettigheder omfatter retten til at anmode om adgang til og berigtigelse eller sletning af dine personlige data, begr\u00e6nsning og indsigelse mod vores behandling og retten til at modtage dine data i et struktureret, almindeligt anvendt og maskinl\u00e6sbart format (dataportabilitet).<\/span><\/p><p><span style=\"font-weight: 400;\">6.2. Hvis du har givet samtykke til vores behandling af dine oplysninger, har du til enhver tid ret til at tilbagekalde dette samtykke.<\/span><\/p><p><span style=\"font-weight: 400;\">6.3. Ovenn\u00e6vnte rettigheder kan v\u00e6re forbundet med betingelser og begr\u00e6nsninger. Hvorvidt du som registreret kan anmode om for eksempel at f\u00e5 slettet dine personoplysninger, vil under alle omst\u00e6ndigheder afh\u00e6nge af en konkret vurdering.<\/span><\/p><p><span style=\"font-weight: 400;\">6.4. Hvis du er utilfreds med vores behandling af dine personoplysninger, kan du indgive en klage til Datatilsynet via deres hjemmeside <\/span><span style=\"color: #0000ff;\"><a style=\"color: #0000ff;\" href=\"http:\/\/www.datatilsynet.dk\"><span style=\"font-weight: 400;\">www.datatilsynet.dk<\/span><\/a><\/span><span style=\"font-weight: 400;\"> eller ved at ringe p\u00e5 +45 33 19 32 00.<\/span><\/p><p><b>7. Vores kontaktoplysninger<\/b><\/p><p><span style=\"font-weight: 400;\">7.1. Den virksomhed, der er ansvarlig for at behandle dine personoplysninger er:<\/span><\/p><p style=\"padding-left: 40px;\"><span style=\"font-weight: 400;\">ELSA Denmark<br \/><\/span><span style=\"font-weight: 400;\">Firmaets registreringsnr.: 31 65 68 50<br \/><\/span><span style=\"font-weight: 400;\">Bartholins All\u00e9 12, 8000 Aarhus C, bygning 1328, rum 228<br \/><\/span><span style=\"color: #0000ff;\"><a style=\"color: #0000ff;\" href=\"mailto:secgen@dk.elsa.org\"><span style=\"font-weight: 400;\">secgen@dk.elsa.org<\/span><\/a><span style=\"font-weight: 400;\">\u00a0<\/span><\/span><\/p><p><span style=\"font-weight: 400;\">Hvis du har sp\u00f8rgsm\u00e5l til vores behandling af dine personoplysninger, er du velkommen til at kontakte os p\u00e5 <\/span><span style=\"color: #0000ff;\"><a style=\"color: #0000ff;\" href=\"mailto:secgen@dk.elsa.org\"><span style=\"font-weight: 400;\">secgen@dk.elsa.org<\/span><\/a><\/span><span style=\"font-weight: 400;\">.\u00a0<\/span><\/p><p><b>8. Revision<\/b><\/p><p><span style=\"font-weight: 400;\">8.1. Vi forbeholder os retten til at revidere og \u00e6ndre disse retningslinjer for privatlivspolitikken vedr\u00f8rende behandling af personoplysninger. I tilf\u00e6lde af v\u00e6sentlige \u00e6ndringer vil vi kontakte dig via e-mail eller via en synlig notifikation p\u00e5 vores hjemmeside.\u00a0<\/span><\/p><p><span style=\"font-weight: 400;\">8.2. Denne privatlivspolitik blev senest revideret den 16.03.2024.<\/span><\/p>\t\t\t\t\t\t\t\t<\/div>\n\t\t\t\t<\/div>\n\t\t\t\t\t<\/div>\n\t\t<\/div>\n\t\t\t\t<div class=\"elementor-column elementor-col-33 elementor-top-column elementor-element elementor-element-2afb9f4\" data-id=\"2afb9f4\" data-element_type=\"column\" data-e-type=\"column\">\n\t\t\t<div class=\"elementor-widget-wrap\">\n\t\t\t\t\t\t\t<\/div>\n\t\t<\/div>\n\t\t\t\t\t<\/div>\n\t\t<\/section>\n\t\t\t\t<section class=\"elementor-section elementor-top-section elementor-element elementor-element-dba0a2f elementor-section-boxed elementor-section-height-default elementor-section-height-default\" data-id=\"dba0a2f\" data-element_type=\"section\" data-e-type=\"section\">\n\t\t\t\t\t\t<div class=\"elementor-container elementor-column-gap-default\">\n\t\t\t\t\t<div class=\"elementor-column elementor-col-100 elementor-top-column elementor-element elementor-element-b8b9772\" data-id=\"b8b9772\" data-element_type=\"column\" data-e-type=\"column\">\n\t\t\t<div class=\"elementor-widget-wrap elementor-element-populated\">\n\t\t\t\t\t\t<div class=\"elementor-element elementor-element-3762d0a elementor-widget elementor-widget-spacer\" data-id=\"3762d0a\" data-element_type=\"widget\" data-e-type=\"widget\" data-widget_type=\"spacer.default\">\n\t\t\t\t<div class=\"elementor-widget-container\">\n\t\t\t\t\t\t\t<div class=\"elementor-spacer\">\n\t\t\t<div class=\"elementor-spacer-inner\"><\/div>\n\t\t<\/div>\n\t\t\t\t\t\t<\/div>\n\t\t\t\t<\/div>\n\t\t\t\t\t<\/div>\n\t\t<\/div>\n\t\t\t\t\t<\/div>\n\t\t<\/section>\n\t\t\t\t<\/div>\n\t\t","protected":false},"excerpt":{"rendered":"<p>PERSONDATAPOLITIK FOR ELSA DENMARK Sidst revideret den 16. marts 2024. 1. Form\u00e5let 1.1 Form\u00e5let med privatlivspolitikken er at informere dig om, hvordan ELSA Denmark (&#8220;vi&#8221;, &#8220;os&#8221;) behandler dine personoplysninger. Med denne politik \u00f8nsker vi at g\u00f8re dig opm\u00e6rksom p\u00e5 de oplysninger, som vi indsamler og behandler, samt hvor l\u00e6nge vi opbevarer dem. Denne privatlivspolitik regulerer [&hellip;]<\/p>\n","protected":false},"author":11,"featured_media":0,"parent":0,"menu_order":30,"comment_status":"closed","ping_status":"closed","template":"","meta":{"_eb_attr":"","_monsterinsights_skip_tracking":false,"_monsterinsights_sitenote_active":false,"_monsterinsights_sitenote_note":"","_monsterinsights_sitenote_category":0,"footnotes":""},"class_list":["post-8958","page","type-page","status-publish","hentry"],"_links":{"self":[{"href":"https:\/\/www.elsa.dk\/index.php?rest_route=\/wp\/v2\/pages\/8958","targetHints":{"allow":["GET"]}}],"collection":[{"href":"https:\/\/www.elsa.dk\/index.php?rest_route=\/wp\/v2\/pages"}],"about":[{"href":"https:\/\/www.elsa.dk\/index.php?rest_route=\/wp\/v2\/types\/page"}],"author":[{"embeddable":true,"href":"https:\/\/www.elsa.dk\/index.php?rest_route=\/wp\/v2\/users\/11"}],"replies":[{"embeddable":true,"href":"https:\/\/www.elsa.dk\/index.php?rest_route=%2Fwp%2Fv2%2Fcomments&post=8958"}],"version-history":[{"count":24,"href":"https:\/\/www.elsa.dk\/index.php?rest_route=\/wp\/v2\/pages\/8958\/revisions"}],"predecessor-version":[{"id":11173,"href":"https:\/\/www.elsa.dk\/index.php?rest_route=\/wp\/v2\/pages\/8958\/revisions\/11173"}],"wp:attachment":[{"href":"https:\/\/www.elsa.dk\/index.php?rest_route=%2Fwp%2Fv2%2Fmedia&parent=8958"}],"curies":[{"name":"wp","href":"https:\/\/api.w.org\/{rel}","templated":true}]}}